{"id":97,"date":"2023-04-14T14:30:07","date_gmt":"2023-04-14T17:30:07","guid":{"rendered":"https:\/\/institutosanbernardo.com.ar\/?page_id=97"},"modified":"2023-12-26T03:28:00","modified_gmt":"2023-12-26T06:28:00","slug":"institucional","status":"publish","type":"page","link":"https:\/\/institutosanbernardo.com.ar\/","title":{"rendered":"MISI\u00d3N Y VISI\u00d3N"},"content":{"rendered":"<div   class='avia-fullscreen-slider main_color   avia-builder-el-0  el_before_av_one_half  avia-builder-el-first  container_wrap sidebar_right'  ><div  class='avia-slideshow av-2pmcl-3447219a8972467589ca69c03e64c323 avia-slideshow-extra_large av_fullscreen avia-slide-slider av-slideshow-ui av-control-default av-slideshow-autoplay av-loop-endless av-loop-manual-endless av-default-height-applied   avia-slideshow-1' data-slideshow-options=\"{&quot;animation&quot;:&quot;slide&quot;,&quot;autoplay&quot;:true,&quot;loop_autoplay&quot;:&quot;endless&quot;,&quot;interval&quot;:5,&quot;loop_manual&quot;:&quot;manual-endless&quot;,&quot;autoplay_stopper&quot;:false,&quot;noNavigation&quot;:false,&quot;bg_slider&quot;:true,&quot;transitionSpeed&quot;:200,&quot;keep_padding&quot;:false,&quot;hoverpause&quot;:false,&quot;show_slide_delay&quot;:0,&quot;slide_height&quot;:&quot;100&quot;,&quot;image_attachment&quot;:&quot;&quot;}\"  itemprop=\"image\" itemscope=\"itemscope\" itemtype=\"https:\/\/schema.org\/ImageObject\" ><ul class='avia-slideshow-inner ' style='padding-bottom: 46.2%;'><li style='background-position:center center;' data-img-url='https:\/\/institutosanbernardo.com.ar\/wp-content\/uploads\/2023\/12\/IMG_20231010_131441-1500x693.jpg' class='avia-slideshow-slide av-2pmcl-3447219a8972467589ca69c03e64c323__0  slide-1 slide-odd'><div data-rel='slideshow-1' class='avia-slide-wrap '   ><\/div><\/li><li style='background-position:center center;' data-img-url='https:\/\/institutosanbernardo.com.ar\/wp-content\/uploads\/2023\/12\/N\u00b0-2-1500x691.jpeg' class='avia-slideshow-slide av-2pmcl-3447219a8972467589ca69c03e64c323__1  slide-2 slide-even'><div data-rel='slideshow-1' class='avia-slide-wrap '   ><\/div><\/li><li style='background-position:center center;' data-img-url='https:\/\/institutosanbernardo.com.ar\/wp-content\/uploads\/2023\/12\/N\u00b0-3.jpeg' class='avia-slideshow-slide av-2pmcl-3447219a8972467589ca69c03e64c323__2  slide-3 slide-odd'><div data-rel='slideshow-1' class='avia-slide-wrap '   ><\/div><\/li><\/ul><div class='avia-slideshow-arrows avia-slideshow-controls' ><a href='#prev' class='prev-slide ' aria-hidden='true' data-av_icon='\ue87c' data-av_iconfont='entypo-fontello'  tabindex='-1'>Previous<\/a><a href='#next' class='next-slide ' aria-hidden='true' data-av_icon='\ue87d' data-av_iconfont='entypo-fontello'  tabindex='-1'>Next<\/a><\/div><div class='avia-slideshow-dots avia-slideshow-controls'><a href='#1' class='goto-slide active' >1<\/a><a href='#2' class='goto-slide ' >2<\/a><a href='#3' class='goto-slide ' >3<\/a><\/div><\/div><\/div><div id='after_full_slider_1'  class='main_color av_default_container_wrap container_wrap sidebar_right'  ><div class='container av-section-cont-open' ><div class='template-page content  av-content-small alpha units'><div class='post-entry post-entry-type-page post-entry-97'><div class='entry-content-wrapper clearfix'>\n<div class='flex_column_table av-ljhkiq98-1e11aeb960dac7b3d449f563eb244269 sc-av_one_half av-equal-height-column-flextable'><div class='flex_column av-ljhkiq98-1e11aeb960dac7b3d449f563eb244269 av_one_half  avia-builder-el-1  el_after_av_fullscreen  el_before_av_one_half  avia-builder-el-first  first flex_column_table_cell av-equal-height-column av-align-middle '     ><style type=\"text\/css\" data-created_by=\"avia_inline_auto\" id=\"style-css-av-ljhkbcl7-dd994bf33e8ac1f11301e817f0035699\">\n#top .av_textblock_section.av-ljhkbcl7-dd994bf33e8ac1f11301e817f0035699 .avia_textblock{\nfont-size:17px;\ntext-align:left;\n}\n<\/style>\n<section  class='av_textblock_section av-ljhkbcl7-dd994bf33e8ac1f11301e817f0035699'  itemscope=\"itemscope\" itemtype=\"https:\/\/schema.org\/CreativeWork\" ><div class='avia_textblock'  itemprop=\"text\" ><h2 class=\"uppercase\" style=\"text-align: center; color: #3995f0;\">Misi\u00f3n<\/h2>\n<p>El Instituto San Bernardo se propone trabajar por Dios y por la Patria mediante la b\u00fasqueda de la Verdad y del Bien Com\u00fan, generando, descubriendo y transmitiendo conocimiento, trabajando interdisciplinariamente y promoviendo la formaci\u00f3n en virtudes que permitan el desarrollo de la persona en su ser material y espiritual.<\/p>\n<\/div><\/section><\/div>\n<div class='av-flex-placeholder'><\/div><div class='flex_column av-3wwdh-b9f2e9073e04e45e34404641d3575cfc av_one_half  avia-builder-el-3  el_after_av_one_half  el_before_av_one_half  flex_column_table_cell av-equal-height-column av-align-middle '     ><style type=\"text\/css\" data-created_by=\"avia_inline_auto\" id=\"style-css-av-ljhkdbcv-f2faef3c5b8a4835e8f7defe3913a9fb\">\n.avia-image-container.av-ljhkdbcv-f2faef3c5b8a4835e8f7defe3913a9fb img.avia_image{\nbox-shadow:none;\n}\n.avia-image-container.av-ljhkdbcv-f2faef3c5b8a4835e8f7defe3913a9fb .av-image-caption-overlay-center{\ncolor:#ffffff;\n}\n<\/style>\n<div  class='avia-image-container av-ljhkdbcv-f2faef3c5b8a4835e8f7defe3913a9fb av-styling- avia-align-center  avia-builder-el-4  avia-builder-el-no-sibling '   itemprop=\"image\" itemscope=\"itemscope\" itemtype=\"https:\/\/schema.org\/ImageObject\" ><div class=\"avia-image-container-inner\"><div class=\"avia-image-overlay-wrap\"><img decoding=\"async\" class='wp-image-127 avia-img-lazy-loading-not-127 avia_image ' src=\"https:\/\/institutosanbernardo.com.ar\/wp-content\/uploads\/2023\/06\/charles-deloye-2RouMSg9Rnw-unsplash-scaled.jpg\" alt='' title='charles-deloye-2RouMSg9Rnw-unsplash'  height=\"1707\" width=\"2560\"  itemprop=\"thumbnailUrl\" srcset=\"https:\/\/institutosanbernardo.com.ar\/wp-content\/uploads\/2023\/06\/charles-deloye-2RouMSg9Rnw-unsplash-scaled.jpg 2560w, https:\/\/institutosanbernardo.com.ar\/wp-content\/uploads\/2023\/06\/charles-deloye-2RouMSg9Rnw-unsplash-300x200.jpg 300w, https:\/\/institutosanbernardo.com.ar\/wp-content\/uploads\/2023\/06\/charles-deloye-2RouMSg9Rnw-unsplash-1030x687.jpg 1030w, https:\/\/institutosanbernardo.com.ar\/wp-content\/uploads\/2023\/06\/charles-deloye-2RouMSg9Rnw-unsplash-768x512.jpg 768w, https:\/\/institutosanbernardo.com.ar\/wp-content\/uploads\/2023\/06\/charles-deloye-2RouMSg9Rnw-unsplash-1536x1024.jpg 1536w, https:\/\/institutosanbernardo.com.ar\/wp-content\/uploads\/2023\/06\/charles-deloye-2RouMSg9Rnw-unsplash-2048x1365.jpg 2048w, https:\/\/institutosanbernardo.com.ar\/wp-content\/uploads\/2023\/06\/charles-deloye-2RouMSg9Rnw-unsplash-1500x1000.jpg 1500w, https:\/\/institutosanbernardo.com.ar\/wp-content\/uploads\/2023\/06\/charles-deloye-2RouMSg9Rnw-unsplash-705x470.jpg 705w\" sizes=\"(max-width: 2560px) 100vw, 2560px\" \/><\/div><\/div><\/div><\/div><\/div><!--close column table wrapper. Autoclose: 1 -->\n<div class='flex_column av-3gq1l-8b5c84625c08d1972c0084948374a873 av_one_half  avia-builder-el-5  el_after_av_one_half  el_before_av_one_half  first flex_column_div column-top-margin'     ><style type=\"text\/css\" data-created_by=\"avia_inline_auto\" id=\"style-css-av-ljhkkj5i-e499ab68b4cd011359966c0e469c991e\">\n.avia-image-container.av-ljhkkj5i-e499ab68b4cd011359966c0e469c991e img.avia_image{\nbox-shadow:none;\n}\n.avia-image-container.av-ljhkkj5i-e499ab68b4cd011359966c0e469c991e .av-image-caption-overlay-center{\ncolor:#ffffff;\n}\n<\/style>\n<div  class='avia-image-container av-ljhkkj5i-e499ab68b4cd011359966c0e469c991e av-styling- avia-align-center  avia-builder-el-6  avia-builder-el-no-sibling '   itemprop=\"image\" itemscope=\"itemscope\" itemtype=\"https:\/\/schema.org\/ImageObject\" ><div class=\"avia-image-container-inner\"><div class=\"avia-image-overlay-wrap\"><img decoding=\"async\" class='wp-image-128 avia-img-lazy-loading-not-128 avia_image ' src=\"https:\/\/institutosanbernardo.com.ar\/wp-content\/uploads\/2023\/06\/kylie-paz-2Iu59VSOcEo-unsplash-scaled.jpg\" alt='' title='kylie-paz-2Iu59VSOcEo-unsplash'  height=\"1707\" width=\"2560\"  itemprop=\"thumbnailUrl\" srcset=\"https:\/\/institutosanbernardo.com.ar\/wp-content\/uploads\/2023\/06\/kylie-paz-2Iu59VSOcEo-unsplash-scaled.jpg 2560w, https:\/\/institutosanbernardo.com.ar\/wp-content\/uploads\/2023\/06\/kylie-paz-2Iu59VSOcEo-unsplash-300x200.jpg 300w, https:\/\/institutosanbernardo.com.ar\/wp-content\/uploads\/2023\/06\/kylie-paz-2Iu59VSOcEo-unsplash-1030x687.jpg 1030w, https:\/\/institutosanbernardo.com.ar\/wp-content\/uploads\/2023\/06\/kylie-paz-2Iu59VSOcEo-unsplash-768x512.jpg 768w, https:\/\/institutosanbernardo.com.ar\/wp-content\/uploads\/2023\/06\/kylie-paz-2Iu59VSOcEo-unsplash-1536x1024.jpg 1536w, https:\/\/institutosanbernardo.com.ar\/wp-content\/uploads\/2023\/06\/kylie-paz-2Iu59VSOcEo-unsplash-2048x1365.jpg 2048w, https:\/\/institutosanbernardo.com.ar\/wp-content\/uploads\/2023\/06\/kylie-paz-2Iu59VSOcEo-unsplash-1500x1000.jpg 1500w, https:\/\/institutosanbernardo.com.ar\/wp-content\/uploads\/2023\/06\/kylie-paz-2Iu59VSOcEo-unsplash-705x470.jpg 705w\" sizes=\"(max-width: 2560px) 100vw, 2560px\" \/><\/div><\/div><\/div><\/div>\n<div class='flex_column av-2wtrh-434e612827c3c723c24912e4aa8d3b0d av_one_half  avia-builder-el-7  el_after_av_one_half  el_before_av_one_full  flex_column_div column-top-margin'     ><style type=\"text\/css\" data-created_by=\"avia_inline_auto\" id=\"style-css-av-ljhkz8jy-caf63edb3c8957982830cbf0433a245e\">\n#top .av_textblock_section.av-ljhkz8jy-caf63edb3c8957982830cbf0433a245e .avia_textblock{\nfont-size:17px;\n}\n<\/style>\n<section  class='av_textblock_section av-ljhkz8jy-caf63edb3c8957982830cbf0433a245e'  itemscope=\"itemscope\" itemtype=\"https:\/\/schema.org\/CreativeWork\" ><div class='avia_textblock'  itemprop=\"text\" ><h2 class=\"uppercase\" style=\"text-align: center; color: #3995f0;\">Visi\u00f3n<\/h2>\n<p class=\"p1\">A partir de nuestro aporte intelectual, moral y social pretendemos ser un punto de referencia en las \u00e1reas educativas y laborales donde nuestros egresados puedan desplegar sus aprendizajes y potencialidades. Promoviendo la paz y el trabajo en equipo por el Bien Com\u00fan.<\/p>\n<p class=\"p1\">\n<\/div><\/section><\/div><div class='flex_column av-ljhlaxkn-45796cbfb00efce14f5e58baa371ea1d av_one_full  avia-builder-el-9  el_after_av_one_half  el_before_av_one_third  first flex_column_div column-top-margin'     ><style type=\"text\/css\" data-created_by=\"avia_inline_auto\" id=\"style-css-av-ljhlb997-0b38fac67ffb5d40b3e78becdb5dba49\">\n#top .av_textblock_section.av-ljhlb997-0b38fac67ffb5d40b3e78becdb5dba49 .avia_textblock{\nfont-size:17px;\n}\n<\/style>\n<section  class='av_textblock_section av-ljhlb997-0b38fac67ffb5d40b3e78becdb5dba49'  itemscope=\"itemscope\" itemtype=\"https:\/\/schema.org\/CreativeWork\" ><div class='avia_textblock'  itemprop=\"text\" ><div class=\"row\">\n<div class=\"col-sm-12 text-center\">\n<h2 class=\"uppercase\" style=\"text-align: center; color: #3995f0;\">OBJETIVOS<\/h2>\n<p class=\"p\" style=\"text-align: center;\">Conforme a la naturaleza humana. El instituto San Bernardo se plantea tres objetivos:<\/p>\n<\/div>\n<\/div>\n<div class=\"row\">\n<div class=\"col-sm-4\">\n<div class=\"feature feature-2 filled text-center\">\n<div class=\"text-center\"><\/div>\n<\/div>\n<\/div>\n<\/div>\n<\/div><\/section><\/div><\/p>\n<div class='flex_column av-1vl95-b34aa6538dd46b2349aba244ee625a02 av_one_third  avia-builder-el-11  el_after_av_one_full  el_before_av_one_third  first flex_column_div column-top-margin'     ><section  class='av_textblock_section av-ljhlfbiz-67b25ec2cf6abdf794f01dda4587b2a2'  itemscope=\"itemscope\" itemtype=\"https:\/\/schema.org\/CreativeWork\" ><div class='avia_textblock'  itemprop=\"text\" ><div class=\"row\">\n<div class=\"col-sm-12 text-center\">\n<div class=\"text-center\">\n<h2 class=\"uppercase\" style=\"text-align: center; color: #3995f0;\">OBJETIVO PR\u00c1CTICO:<\/h2>\n<\/div>\n<p style=\"text-align: center;\">\n<\/div>\n<\/div>\n<\/div><\/section><br \/>\n\n<style type=\"text\/css\" data-created_by=\"avia_inline_auto\" id=\"style-css-av-ljhm3xfa-0875b5fef59b435534a8e3c43dc2605a\">\n.av_font_icon.av-ljhm3xfa-0875b5fef59b435534a8e3c43dc2605a{\ncolor:#3995f0;\nborder-color:#3995f0;\n}\n.av_font_icon.av-ljhm3xfa-0875b5fef59b435534a8e3c43dc2605a .av-icon-char{\nfont-size:40px;\nline-height:40px;\n}\n<\/style>\n<span  class='av_font_icon av-ljhm3xfa-0875b5fef59b435534a8e3c43dc2605a avia_animate_when_visible av-icon-style- avia-icon-pos-center avia-icon-animate'><span class='av-icon-char' aria-hidden='true' data-av_icon='\ue849' data-av_iconfont='entypo-fontello' ><\/span><\/span><br \/>\n\n<style type=\"text\/css\" data-created_by=\"avia_inline_auto\" id=\"style-css-av-ljhm4m2m-d25d68d5a2a42827124a34ce713d8533\">\n#top .av_textblock_section.av-ljhm4m2m-d25d68d5a2a42827124a34ce713d8533 .avia_textblock{\nfont-size:17px;\n}\n<\/style>\n<section  class='av_textblock_section av-ljhm4m2m-d25d68d5a2a42827124a34ce713d8533'  itemscope=\"itemscope\" itemtype=\"https:\/\/schema.org\/CreativeWork\" ><div class='avia_textblock'  itemprop=\"text\" ><div class=\"row\">\n<div class=\"col-sm-12 text-center\">\n<div class=\"text-center\"><\/div>\n<p style=\"text-align: center;\">Dotar a nuestros estudiantes y docentes de los conocimientos y habilidades t\u00e9cnico-pr\u00e1cticas y acad\u00e9micas que le permitan un desarrollo profesional adecuado a las exigencias de la modernidad.<\/p>\n<\/div>\n<\/div>\n<\/div><\/section><\/p><\/div><div class='flex_column av-1ffdx-e22f8efb08c6d3df4e758ce020f65d95 av_one_third  avia-builder-el-15  el_after_av_one_third  el_before_av_one_third  flex_column_div column-top-margin'     ><section  class='av_textblock_section av-ljhljo58-f546b413d05a111939baeeea001219fe'  itemscope=\"itemscope\" itemtype=\"https:\/\/schema.org\/CreativeWork\" ><div class='avia_textblock'  itemprop=\"text\" ><div class=\"row\">\n<div class=\"col-sm-12 text-center\">\n<div class=\"text-center\">\n<div class=\"text-center\">\n<h2 class=\"uppercase\" style=\"text-align: center; color: #3995f0;\">OBJETIVO INTELECTUAL:<\/h2>\n<\/div>\n<p style=\"text-align: center;\">\n<\/div>\n<\/div>\n<\/div>\n<\/div><\/section><br \/>\n\n<style type=\"text\/css\" data-created_by=\"avia_inline_auto\" id=\"style-css-av-ljhm96kc-9ad9c566f69bb5b767cc25a90bc5e19b\">\n.av_font_icon.av-ljhm96kc-9ad9c566f69bb5b767cc25a90bc5e19b{\ncolor:#3995f0;\nborder-color:#3995f0;\n}\n.av_font_icon.av-ljhm96kc-9ad9c566f69bb5b767cc25a90bc5e19b .av-icon-char{\nfont-size:40px;\nline-height:40px;\n}\n<\/style>\n<span  class='av_font_icon av-ljhm96kc-9ad9c566f69bb5b767cc25a90bc5e19b avia_animate_when_visible av-icon-style- avia-icon-pos-center avia-icon-animate'><span class='av-icon-char' aria-hidden='true' data-av_icon='\ue864' data-av_iconfont='entypo-fontello' ><\/span><\/span><br \/>\n\n<style type=\"text\/css\" data-created_by=\"avia_inline_auto\" id=\"style-css-av-ljhm5y8m-f12fd511103c7ada9df7e569968bac04\">\n#top .av_textblock_section.av-ljhm5y8m-f12fd511103c7ada9df7e569968bac04 .avia_textblock{\nfont-size:17px;\n}\n<\/style>\n<section  class='av_textblock_section av-ljhm5y8m-f12fd511103c7ada9df7e569968bac04'  itemscope=\"itemscope\" itemtype=\"https:\/\/schema.org\/CreativeWork\" ><div class='avia_textblock'  itemprop=\"text\" ><div class=\"row\">\n<div class=\"col-sm-12 text-center\">\n<div class=\"text-center\">\n<div style=\"text-align: right;\">\n<div style=\"text-align: center;\">Al saber que la verdad es fuente de libertad para los hombres, nuestro objetivo intelectual como instituto, es liberar a los alumnos de las ideolog\u00edas esclavizantes mediante su triple v\u00ednculo con la verdad: Buscarla con deseo, Amarla con su coraz\u00f3n y testimonearla con su propia vida. Para que en el futuro, pueda modelar su propio camino de plenitud y libertad.<\/div>\n<div style=\"text-align: center;\"><\/div>\n<\/div>\n<\/div>\n<\/div>\n<\/div>\n<\/div><\/section><\/p><\/div><\/p>\n<div class='flex_column av-pei5-229952267f0929c7831a7ba8d140a720 av_one_third  avia-builder-el-19  el_after_av_one_third  avia-builder-el-last  flex_column_div column-top-margin'     ><section  class='av_textblock_section av-ljhlk057-fda9abba5f27e9ff529f7a18d58b655d'  itemscope=\"itemscope\" itemtype=\"https:\/\/schema.org\/CreativeWork\" ><div class='avia_textblock'  itemprop=\"text\" ><div class=\"row\">\n<div class=\"col-sm-12 text-center\">\n<div class=\"text-center\">\n<div class=\"text-center\">\n<h2 class=\"uppercase\" style=\"text-align: center; color: #3995f0;\">OBJETIVO ESPIRITUAL:<\/h2>\n<\/div>\n<p style=\"text-align: center;\">\n<\/div>\n<\/div>\n<\/div>\n<\/div><\/section><br \/>\n\n<style type=\"text\/css\" data-created_by=\"avia_inline_auto\" id=\"style-css-av-ljhm8h43-7f17641c2139ff14c791c76df5abc385\">\n.av_font_icon.av-ljhm8h43-7f17641c2139ff14c791c76df5abc385{\ncolor:#3995f0;\nborder-color:#3995f0;\n}\n.av_font_icon.av-ljhm8h43-7f17641c2139ff14c791c76df5abc385 .av-icon-char{\nfont-size:40px;\nline-height:40px;\n}\n<\/style>\n<span  class='av_font_icon av-ljhm8h43-7f17641c2139ff14c791c76df5abc385 avia_animate_when_visible av-icon-style- avia-icon-pos-center avia-icon-animate'><span class='av-icon-char' aria-hidden='true' data-av_icon='\ue806' data-av_iconfont='entypo-fontello' ><\/span><\/span><br \/>\n\n<style type=\"text\/css\" data-created_by=\"avia_inline_auto\" id=\"style-css-av-ljhm69d2-eab1f450815b41f663bf002873217b32\">\n#top .av_textblock_section.av-ljhm69d2-eab1f450815b41f663bf002873217b32 .avia_textblock{\nfont-size:17px;\n}\n<\/style>\n<section  class='av_textblock_section av-ljhm69d2-eab1f450815b41f663bf002873217b32'  itemscope=\"itemscope\" itemtype=\"https:\/\/schema.org\/CreativeWork\" ><div class='avia_textblock'  itemprop=\"text\" ><div class=\"row\">\n<div class=\"col-sm-12 text-center\">\n<div class=\"text-center\">\n<div class=\"text-center\">\n<h5 class=\"uppercase\" style=\"text-align: center; color: #3995f0;\"><\/h5>\n<\/div>\n<p style=\"text-align: center;\">Despertar en nuestra comunidad educativa las ansias de eternidad que le den sentido primero y \u00faltimo al quehacer cotidiano orientado a la trascendencia del alma y la felicidad de la uni\u00f3n con Jesucristo<\/p>\n<\/div>\n<\/div>\n<\/div>\n<\/div><\/section><\/p><\/div>\n","protected":false},"excerpt":{"rendered":"","protected":false},"author":1,"featured_media":0,"parent":0,"menu_order":0,"comment_status":"closed","ping_status":"closed","template":"","meta":{"_joinchat":[],"footnotes":""},"class_list":["post-97","page","type-page","status-publish","hentry"],"_links":{"self":[{"href":"https:\/\/institutosanbernardo.com.ar\/index.php?rest_route=\/wp\/v2\/pages\/97","targetHints":{"allow":["GET"]}}],"collection":[{"href":"https:\/\/institutosanbernardo.com.ar\/index.php?rest_route=\/wp\/v2\/pages"}],"about":[{"href":"https:\/\/institutosanbernardo.com.ar\/index.php?rest_route=\/wp\/v2\/types\/page"}],"author":[{"embeddable":true,"href":"https:\/\/institutosanbernardo.com.ar\/index.php?rest_route=\/wp\/v2\/users\/1"}],"replies":[{"embeddable":true,"href":"https:\/\/institutosanbernardo.com.ar\/index.php?rest_route=%2Fwp%2Fv2%2Fcomments&post=97"}],"version-history":[{"count":41,"href":"https:\/\/institutosanbernardo.com.ar\/index.php?rest_route=\/wp\/v2\/pages\/97\/revisions"}],"predecessor-version":[{"id":248,"href":"https:\/\/institutosanbernardo.com.ar\/index.php?rest_route=\/wp\/v2\/pages\/97\/revisions\/248"}],"wp:attachment":[{"href":"https:\/\/institutosanbernardo.com.ar\/index.php?rest_route=%2Fwp%2Fv2%2Fmedia&parent=97"}],"curies":[{"name":"wp","href":"https:\/\/api.w.org\/{rel}","templated":true}]}}