{"id":31,"date":"2023-04-12T18:33:24","date_gmt":"2023-04-12T21:33:24","guid":{"rendered":"https:\/\/institutosanbernardo.com.ar\/?page_id=31"},"modified":"2024-09-16T14:04:40","modified_gmt":"2024-09-16T17:04:40","slug":"mision","status":"publish","type":"page","link":"https:\/\/institutosanbernardo.com.ar\/?page_id=31","title":{"rendered":"CARRERAS"},"content":{"rendered":"<div   class='avia-fullscreen-slider main_color   avia-builder-el-0  el_before_av_one_half  avia-builder-el-first  container_wrap sidebar_right'  ><div  class='avia-slideshow av-lggts291-dba94b4efb75172204624469645a6402 avia-slideshow-extra_large av_fullscreen avia-slide-slider av-slideshow-ui av-control-default av-slideshow-autoplay av-loop-endless av-loop-manual-endless av-default-height-applied   avia-slideshow-1' data-slideshow-options=\"{&quot;animation&quot;:&quot;slide&quot;,&quot;autoplay&quot;:true,&quot;loop_autoplay&quot;:&quot;endless&quot;,&quot;interval&quot;:5,&quot;loop_manual&quot;:&quot;manual-endless&quot;,&quot;autoplay_stopper&quot;:false,&quot;noNavigation&quot;:false,&quot;bg_slider&quot;:true,&quot;transitionSpeed&quot;:200,&quot;keep_padding&quot;:false,&quot;hoverpause&quot;:false,&quot;show_slide_delay&quot;:0,&quot;slide_height&quot;:&quot;100&quot;,&quot;image_attachment&quot;:&quot;&quot;}\"  itemprop=\"image\" itemscope=\"itemscope\" itemtype=\"https:\/\/schema.org\/ImageObject\" ><ul class='avia-slideshow-inner ' style='padding-bottom: 66.666666666667%;'><li style='background-position:center center;' data-img-url='https:\/\/institutosanbernardo.com.ar\/wp-content\/uploads\/2023\/07\/priscilla-du-preez-ggeZ9oyI-PE-unsplash.jpg' class='avia-slideshow-slide av-lggts291-dba94b4efb75172204624469645a6402__0  av-single-slide slide-1 slide-odd'><div data-rel='slideshow-1' class='avia-slide-wrap '   ><\/div><\/li><\/ul><\/div><\/div><div id='after_full_slider_1'  class='main_color av_default_container_wrap container_wrap sidebar_right'  ><div class='container av-section-cont-open' ><div class='template-page content  av-content-small alpha units'><div class='post-entry post-entry-type-page post-entry-31'><div class='entry-content-wrapper clearfix'>\n<div class='flex_column av-1iqe7-8bb576a4a6bf0e50bf866cfde36f53e8 av_one_half  avia-builder-el-1  el_after_av_fullscreen  el_before_av_one_half  avia-builder-el-first  first flex_column_div '     ><section  class='av_textblock_section av-lge7kf53-c9c1aba4285789e43a46d9c771226a9e'  itemscope=\"itemscope\" itemtype=\"https:\/\/schema.org\/CreativeWork\" ><div class='avia_textblock'  itemprop=\"text\" ><h3 class=\"p1\" style=\"color: #3995f0;\">RECURSOS HUMANOS<\/h3>\n<p><span style=\"font-weight: 400;\">El desarrollo del futuro profesional \u201cT\u00e9cnico Superior en Administraci\u00f3n de Recursos Humanos\u201d est\u00e1 orientado\u00a0 a\u00a0 formar\u00a0 personas\u00a0 con\u00a0 competencias,\u00a0 habilidades,\u00a0 conocimientos\u00a0 y herramientas\u00a0 t\u00e9cnicas\u00a0 consideradas\u00a0 necesarias\u00a0 para\u00a0 ser\u00a0 protagonistas\u00a0 de\u00a0 la direcci\u00f3n,\u00a0 gesti\u00f3n\u00a0 y\u00a0 administraci\u00f3n\u00a0 del talento de las personas\u00a0 pertenecientes\u00a0 a\u00a0 una organizaci\u00f3n,\u00a0 la\u00a0 cual\u00a0 requiere\u00a0 de\u00a0 profesionales altamente\u00a0 calificadas\u00a0 y\u00a0 competentes para llevar a cabo los procesos de trabajo que contribuir\u00e1n al \u00e9xito en un mercado cada vez m\u00e1s competitivo.\u00a0<\/span><\/p>\n<p class=\"p1\">\n<p><span style=\"font-weight: 400;\">Esto requiere profundizar el trabajo intelectual en la dignidad humana para llegar a dejar de considerar a las personas como recursos y que puedan ser tenidas como destinatarias del desarrollo econ\u00f3mico a la vez que poder trabajar como profesionales honestos y proactivos en la promoci\u00f3n de situaciones macro y microecon\u00f3micas que permitan el crecimiento espiritual del ser humano y sus familias para el contacto con Dios.<\/span><\/p>\n<p class=\"p1\">\n<p><a href=\"https:\/\/institutosanbernardo.com.ar\/wp-content\/uploads\/2023\/06\/RRHH.pdf\" download=\"\">Descargar programa RRHH<\/a><\/p>\n<\/div><\/section><\/div>\n<div class='flex_column av-41943-5596bbd1b49ccdc64045e1e0670fe377 av_one_half  avia-builder-el-3  el_after_av_one_half  el_before_av_one_half  flex_column_div '     ><style type=\"text\/css\" data-created_by=\"avia_inline_auto\" id=\"style-css-av-3fv1v-ad2a65c3f0f9da873b770f3c074385ef\">\n.avia-image-container.av-3fv1v-ad2a65c3f0f9da873b770f3c074385ef img.avia_image{\nbox-shadow:none;\n}\n.avia-image-container.av-3fv1v-ad2a65c3f0f9da873b770f3c074385ef .av-image-caption-overlay-center{\ncolor:#ffffff;\n}\n<\/style>\n<div  class='avia-image-container av-3fv1v-ad2a65c3f0f9da873b770f3c074385ef av-styling- avia-align-center  avia-builder-el-4  avia-builder-el-no-sibling '   itemprop=\"image\" itemscope=\"itemscope\" itemtype=\"https:\/\/schema.org\/ImageObject\" ><div class=\"avia-image-container-inner\"><div class=\"avia-image-overlay-wrap\"><img decoding=\"async\" class='wp-image-229 avia-img-lazy-loading-not-229 avia_image ' src=\"https:\/\/institutosanbernardo.com.ar\/wp-content\/uploads\/2023\/12\/N\u00b0-4.jpeg\" alt='' title='N\u00b0 4'  height=\"1200\" width=\"1600\"  itemprop=\"thumbnailUrl\" srcset=\"https:\/\/institutosanbernardo.com.ar\/wp-content\/uploads\/2023\/12\/N\u00b0-4.jpeg 1600w, https:\/\/institutosanbernardo.com.ar\/wp-content\/uploads\/2023\/12\/N\u00b0-4-300x225.jpeg 300w, https:\/\/institutosanbernardo.com.ar\/wp-content\/uploads\/2023\/12\/N\u00b0-4-1030x773.jpeg 1030w, https:\/\/institutosanbernardo.com.ar\/wp-content\/uploads\/2023\/12\/N\u00b0-4-768x576.jpeg 768w, https:\/\/institutosanbernardo.com.ar\/wp-content\/uploads\/2023\/12\/N\u00b0-4-1536x1152.jpeg 1536w, https:\/\/institutosanbernardo.com.ar\/wp-content\/uploads\/2023\/12\/N\u00b0-4-1500x1125.jpeg 1500w, https:\/\/institutosanbernardo.com.ar\/wp-content\/uploads\/2023\/12\/N\u00b0-4-705x529.jpeg 705w\" sizes=\"(max-width: 1600px) 100vw, 1600px\" \/><\/div><\/div><\/div><\/div>\n<div class='flex_column av-rspv-cb0803239dd9785582c1af878c72d57c av_one_half  avia-builder-el-5  el_after_av_one_half  el_before_av_one_half  first flex_column_div column-top-margin'     ><p>\n<style type=\"text\/css\" data-created_by=\"avia_inline_auto\" id=\"style-css-av-lge7jrne-b6b35c89233f11f49e6368edd25d92cc\">\n.avia-image-container.av-lge7jrne-b6b35c89233f11f49e6368edd25d92cc img.avia_image{\nbox-shadow:none;\n}\n.avia-image-container.av-lge7jrne-b6b35c89233f11f49e6368edd25d92cc .av-image-caption-overlay-center{\ncolor:#ffffff;\n}\n<\/style>\n<div  class='avia-image-container av-lge7jrne-b6b35c89233f11f49e6368edd25d92cc av-styling- avia-align-center  avia-builder-el-6  el_before_av_image  avia-builder-el-first '   itemprop=\"image\" itemscope=\"itemscope\" itemtype=\"https:\/\/schema.org\/ImageObject\" ><div class=\"avia-image-container-inner\"><div class=\"avia-image-overlay-wrap\"><img decoding=\"async\" class='wp-image-230 avia-img-lazy-loading-not-230 avia_image ' src=\"https:\/\/institutosanbernardo.com.ar\/wp-content\/uploads\/2023\/12\/N\u00b0-5.jpeg\" alt='' title='N\u00b0 5'  height=\"960\" width=\"1280\"  itemprop=\"thumbnailUrl\" srcset=\"https:\/\/institutosanbernardo.com.ar\/wp-content\/uploads\/2023\/12\/N\u00b0-5.jpeg 1280w, https:\/\/institutosanbernardo.com.ar\/wp-content\/uploads\/2023\/12\/N\u00b0-5-300x225.jpeg 300w, https:\/\/institutosanbernardo.com.ar\/wp-content\/uploads\/2023\/12\/N\u00b0-5-1030x773.jpeg 1030w, https:\/\/institutosanbernardo.com.ar\/wp-content\/uploads\/2023\/12\/N\u00b0-5-768x576.jpeg 768w, https:\/\/institutosanbernardo.com.ar\/wp-content\/uploads\/2023\/12\/N\u00b0-5-705x529.jpeg 705w\" sizes=\"(max-width: 1280px) 100vw, 1280px\" \/><\/div><\/div><\/div><br \/>\n\n<style type=\"text\/css\" data-created_by=\"avia_inline_auto\" id=\"style-css-av-lqlyktvu-4921fabc05eb26ac0f0128b3b2838dd3\">\n.avia-image-container.av-lqlyktvu-4921fabc05eb26ac0f0128b3b2838dd3 img.avia_image{\nbox-shadow:none;\n}\n.avia-image-container.av-lqlyktvu-4921fabc05eb26ac0f0128b3b2838dd3 .av-image-caption-overlay-center{\ncolor:#ffffff;\n}\n<\/style>\n<div  class='avia-image-container av-lqlyktvu-4921fabc05eb26ac0f0128b3b2838dd3 av-styling- avia-align-center  avia-builder-el-7  el_after_av_image  avia-builder-el-last '   itemprop=\"image\" itemscope=\"itemscope\" itemtype=\"https:\/\/schema.org\/ImageObject\" ><div class=\"avia-image-container-inner\"><div class=\"avia-image-overlay-wrap\"><img decoding=\"async\" class='wp-image-231 avia-img-lazy-loading-not-231 avia_image ' src=\"https:\/\/institutosanbernardo.com.ar\/wp-content\/uploads\/2023\/12\/N\u00b0-6-scaled.jpg\" alt='' title='N\u00b0 6'  height=\"1244\" width=\"2560\"  itemprop=\"thumbnailUrl\" srcset=\"https:\/\/institutosanbernardo.com.ar\/wp-content\/uploads\/2023\/12\/N\u00b0-6-scaled.jpg 2560w, https:\/\/institutosanbernardo.com.ar\/wp-content\/uploads\/2023\/12\/N\u00b0-6-300x146.jpg 300w, https:\/\/institutosanbernardo.com.ar\/wp-content\/uploads\/2023\/12\/N\u00b0-6-1030x501.jpg 1030w, https:\/\/institutosanbernardo.com.ar\/wp-content\/uploads\/2023\/12\/N\u00b0-6-768x373.jpg 768w, https:\/\/institutosanbernardo.com.ar\/wp-content\/uploads\/2023\/12\/N\u00b0-6-1536x747.jpg 1536w, https:\/\/institutosanbernardo.com.ar\/wp-content\/uploads\/2023\/12\/N\u00b0-6-2048x996.jpg 2048w, https:\/\/institutosanbernardo.com.ar\/wp-content\/uploads\/2023\/12\/N\u00b0-6-1500x729.jpg 1500w, https:\/\/institutosanbernardo.com.ar\/wp-content\/uploads\/2023\/12\/N\u00b0-6-705x343.jpg 705w\" sizes=\"(max-width: 2560px) 100vw, 2560px\" \/><\/div><\/div><\/div><\/p><\/div>\n<div class='flex_column av-2rrzz-4dc9465f667bcd269cd1a9b204cdc220 av_one_half  avia-builder-el-8  el_after_av_one_half  el_before_av_one_half  flex_column_div column-top-margin'     ><section  class='av_textblock_section av-21y4z-40930fb6485d3773bcca5c444b4f6c1c'  itemscope=\"itemscope\" itemtype=\"https:\/\/schema.org\/CreativeWork\" ><div class='avia_textblock'  itemprop=\"text\" ><h3  style=\"color: #3995f0;\" class=\"p1\" style=\"text-align: left;\">INICIAL Y PRIMARIO<\/h3>\n<p><span style=\"font-weight: 400;\">Todo buen docente se caracteriza por sus conocimientos t\u00e9cnicos y capacidades profesionales, por su \u00e9tica y humanidad.\u00a0 Desde el Instituto San Bernardo buscamos formar docentes con capacidad cr\u00edtica para adaptarse a los cambios en la sociedad actual y que adem\u00e1s puedan transmitir la f\u00e9.<\/span><\/p>\n<p><span style=\"font-weight: 400;\">Creemos profundamente en la defensa y el cuidado de la vida desde la concepci\u00f3n y el desarrollo del ser humano a trav\u00e9s del estudio y el trabajo. Por ello los futuros docentes deben contar con las herramientas necesarias para llevar a cabo tan noble labor.\u00a0<\/span><\/p>\n<p class=\"p1\">\n<p><span style=\"font-weight: 400;\">Pretendemos que un egresado de nuestra casa sea gu\u00eda y consejero, que escuche y comprenda, que acompa\u00f1e y ponga l\u00edmites en caso de ser necesario, generando seguridad y confianza.<\/span><\/p>\n<p><span style=\"font-weight: 400;\">Que est\u00e9 preparado y estimule a sus alumnos, que sea \u00edntegro y respete las diferencias, fortaleciendo las mismas y generando ciudadanos intelectualmente ambiciosos y libres de ideolog\u00edas para que puedan buscar El Bien, La Verdad y La Belleza, amarla y transmitirla.<\/span><\/p>\n<p><span style=\"font-weight: 400;\">Que en el camino de la vida pueda acompa\u00f1ar a las familias desde la religi\u00f3n y desde el abrazo fraterno, sin perder de vista la educaci\u00f3n formal.<\/span><\/p>\n<p><span style=\"font-weight: 400;\">\u00a1Les damos la bienvenida a esta hermosa carrera!<\/span><\/p>\n<p class=\"p1\">\n<p><a href=\"https:\/\/institutosanbernardo.com.ar\/wp-content\/uploads\/2023\/06\/INICIAL.pdf\" download=\"\">Descargar programa NIVEL INICIAL<\/a><br \/>\n<a href=\"https:\/\/institutosanbernardo.com.ar\/wp-content\/uploads\/2023\/06\/PRIMARIA.pdf\" download=\"\">Descargar programa NIVEL PRIMARIO<\/a><\/p>\n<\/div><\/section><\/div>\n<div class='flex_column av-1h9jf-764bb617b1b3de0185c1a69e4d25402e av_one_half  avia-builder-el-10  el_after_av_one_half  el_before_av_one_half  first flex_column_div column-top-margin'     ><section  class='av_textblock_section av-lgejkcod-2ee8409e18be807c231ce959c4043edf'  itemscope=\"itemscope\" itemtype=\"https:\/\/schema.org\/CreativeWork\" ><div class='avia_textblock'  itemprop=\"text\" ><h3 class=\"p1\" style=\"color: #3995f0;\">HISTORIA<\/h3>\n<p><span style=\"font-weight: 400;\">Para educar a los estudiantes que constituyan el provenir de la Patria, es necesaria la formaci\u00f3n de docentes que re\u00fanan a la vez, un inmenso amor por Ella, un conocimiento cient\u00edfico y criterioso de los hechos que hacen su historia y un compromiso con las virtudes morales y religiosas que fundan los principios b\u00e1sicos de una educaci\u00f3n integral.<\/span><\/p>\n<p class=\"p1\">\n<p><span style=\"font-weight: 400;\">Por eso orientamos a los futuros \u201cProfesores de Historia\u201d para que en adelante, mediante el uso y disposici\u00f3n de los diferentes m\u00e9todos pedag\u00f3gicos, y las herramientas tecnol\u00f3gicas lleguen a descubrir y fomentar la verdadera Historia, estudiando, investigando y promoviendo la Verdad\u00a0 para que desde el pasado puedan dar respuesta en el futuro.<\/span><\/p>\n<p class=\"p1\">\n<p><span style=\"font-weight: 400;\">Esperamos que las pr\u00f3ximas generaciones puedan recordar a cada egresado de nuestra casa como un docente integro, coherente, profesional y dedicado que trabaj\u00f3 siempre por el bien y la verdad.<\/span><\/p>\n<p class=\"p1\">\n<p><a href=\"https:\/\/institutosanbernardo.com.ar\/wp-content\/uploads\/2024\/09\/HISTORIA-Nuevo-para-pagina.pdf\" download=\"\">Descargar programa HISTORIA<\/a><\/p>\n<\/div><\/section><\/div><div class='flex_column av-113wj-68dada3d288c484e7107e90c6fcf4e6b av_one_half  avia-builder-el-12  el_after_av_one_half  avia-builder-el-last  flex_column_div column-top-margin'     ><style type=\"text\/css\" data-created_by=\"avia_inline_auto\" id=\"style-css-av-lgejhsal-8696fb7ccc2de857a972fdebd74b6933\">\n.avia-image-container.av-lgejhsal-8696fb7ccc2de857a972fdebd74b6933 img.avia_image{\nbox-shadow:none;\n}\n.avia-image-container.av-lgejhsal-8696fb7ccc2de857a972fdebd74b6933 .av-image-caption-overlay-center{\ncolor:#ffffff;\n}\n<\/style>\n<div  class='avia-image-container av-lgejhsal-8696fb7ccc2de857a972fdebd74b6933 av-styling- avia-align-center  avia-builder-el-13  avia-builder-el-no-sibling '   itemprop=\"image\" itemscope=\"itemscope\" itemtype=\"https:\/\/schema.org\/ImageObject\" ><div class=\"avia-image-container-inner\"><div class=\"avia-image-overlay-wrap\"><img decoding=\"async\" class='wp-image-54 avia-img-lazy-loading-not-54 avia_image ' src=\"https:\/\/institutosanbernardo.com.ar\/wp-content\/uploads\/2023\/04\/pexels-engin-akyurt-2952871-1-1.jpg\" alt='' title='pexels-engin-akyurt-2952871 (1) (1)'  height=\"900\" width=\"1349\"  itemprop=\"thumbnailUrl\" srcset=\"https:\/\/institutosanbernardo.com.ar\/wp-content\/uploads\/2023\/04\/pexels-engin-akyurt-2952871-1-1.jpg 1349w, https:\/\/institutosanbernardo.com.ar\/wp-content\/uploads\/2023\/04\/pexels-engin-akyurt-2952871-1-1-300x200.jpg 300w, https:\/\/institutosanbernardo.com.ar\/wp-content\/uploads\/2023\/04\/pexels-engin-akyurt-2952871-1-1-1030x687.jpg 1030w, https:\/\/institutosanbernardo.com.ar\/wp-content\/uploads\/2023\/04\/pexels-engin-akyurt-2952871-1-1-768x512.jpg 768w, https:\/\/institutosanbernardo.com.ar\/wp-content\/uploads\/2023\/04\/pexels-engin-akyurt-2952871-1-1-705x470.jpg 705w\" sizes=\"(max-width: 1349px) 100vw, 1349px\" \/><\/div><\/div><\/div><\/div><\/p>\n","protected":false},"excerpt":{"rendered":"","protected":false},"author":1,"featured_media":0,"parent":0,"menu_order":0,"comment_status":"closed","ping_status":"closed","template":"","meta":{"_joinchat":[],"footnotes":""},"class_list":["post-31","page","type-page","status-publish","hentry"],"_links":{"self":[{"href":"https:\/\/institutosanbernardo.com.ar\/index.php?rest_route=\/wp\/v2\/pages\/31","targetHints":{"allow":["GET"]}}],"collection":[{"href":"https:\/\/institutosanbernardo.com.ar\/index.php?rest_route=\/wp\/v2\/pages"}],"about":[{"href":"https:\/\/institutosanbernardo.com.ar\/index.php?rest_route=\/wp\/v2\/types\/page"}],"author":[{"embeddable":true,"href":"https:\/\/institutosanbernardo.com.ar\/index.php?rest_route=\/wp\/v2\/users\/1"}],"replies":[{"embeddable":true,"href":"https:\/\/institutosanbernardo.com.ar\/index.php?rest_route=%2Fwp%2Fv2%2Fcomments&post=31"}],"version-history":[{"count":41,"href":"https:\/\/institutosanbernardo.com.ar\/index.php?rest_route=\/wp\/v2\/pages\/31\/revisions"}],"predecessor-version":[{"id":253,"href":"https:\/\/institutosanbernardo.com.ar\/index.php?rest_route=\/wp\/v2\/pages\/31\/revisions\/253"}],"wp:attachment":[{"href":"https:\/\/institutosanbernardo.com.ar\/index.php?rest_route=%2Fwp%2Fv2%2Fmedia&parent=31"}],"curies":[{"name":"wp","href":"https:\/\/api.w.org\/{rel}","templated":true}]}}